{"id":242118,"date":"2024-08-23T10:21:48","date_gmt":"2024-09-17T09:09:20","guid":{"rendered":"https:\/\/radical.swiss\/product\/climbing-skins\/"},"modified":"2024-11-27T09:14:57","modified_gmt":"2024-11-27T08:14:57","slug":"climbing-skins","status":"publish","type":"product","link":"https:\/\/radical.swiss\/en\/product\/climbing-skins\/","title":{"rendered":"Climbing skins"},"content":{"rendered":"<p>[et_pb_section fb_built=&#8221;1&#8243; _builder_version=&#8221;4.16&#8243; _module_preset=&#8221;default&#8221; custom_padding=&#8221;0px||0px||true|false&#8221; locked=&#8221;off&#8221; global_colors_info=&#8221;{}&#8221;][et_pb_row _builder_version=&#8221;4.16&#8243; _module_preset=&#8221;default&#8221; custom_padding=&#8221;||0px||false|false&#8221; global_colors_info=&#8221;{}&#8221;][et_pb_column type=&#8221;4_4&#8243; _builder_version=&#8221;4.16&#8243; _module_preset=&#8221;default&#8221; global_colors_info=&#8221;{}&#8221;][et_pb_wc_cart_notice _builder_version=&#8221;4.27.0&#8243; _module_preset=&#8221;_initial&#8221; body_text_color=&#8221;#ffffff&#8221; body_line_height=&#8221;2.4em&#8221; global_colors_info=&#8221;{}&#8221;][\/et_pb_wc_cart_notice][\/et_pb_column][\/et_pb_row][et_pb_row column_structure=&#8221;3_5,2_5&#8243; custom_padding_last_edited=&#8221;on|tablet&#8221; _builder_version=&#8221;4.16&#8243; _module_preset=&#8221;default&#8221; custom_padding=&#8221;0px||0px||true|false&#8221; custom_padding_tablet=&#8221;||20px||false|false&#8221; custom_padding_phone=&#8221;0px||20px||false|false&#8221; global_colors_info=&#8221;{}&#8221;][et_pb_column type=&#8221;3_5&#8243; _builder_version=&#8221;4.16&#8243; _module_preset=&#8221;default&#8221; global_colors_info=&#8221;{}&#8221;][et_pb_wc_title _builder_version=&#8221;4.27.0&#8243; _module_preset=&#8221;_initial&#8221; global_colors_info=&#8221;{}&#8221;][\/et_pb_wc_title][\/et_pb_column][et_pb_column type=&#8221;2_5&#8243; _builder_version=&#8221;4.16&#8243; _module_preset=&#8221;default&#8221; global_colors_info=&#8221;{}&#8221;][et_pb_wc_breadcrumb _builder_version=&#8221;4.27.0&#8243; _module_preset=&#8221;_initial&#8221; global_colors_info=&#8221;{}&#8221;][\/et_pb_wc_breadcrumb][\/et_pb_column][\/et_pb_row][\/et_pb_section][et_pb_section fb_built=&#8221;1&#8243; specialty=&#8221;on&#8221; next_background_color=&#8221;#ffffff&#8221; _builder_version=&#8221;4.27.0&#8243; _module_preset=&#8221;default&#8221; use_background_color_gradient=&#8221;on&#8221; background_color_gradient_direction=&#8221;90deg&#8221; background_color_gradient_stops=&#8221;#ffffff 0%|#f4f4f4 50%&#8221; custom_padding=&#8221;23px|||||&#8221; bottom_divider_style=&#8221;ramp2&#8243; bottom_divider_height=&#8221;90px&#8221; locked=&#8221;off&#8221; global_colors_info=&#8221;{}&#8221;][et_pb_column type=&#8221;1_2&#8243; _builder_version=&#8221;4.16&#8243; _module_preset=&#8221;default&#8221; custom_padding=&#8221;|||&#8221; global_colors_info=&#8221;{}&#8221; custom_padding__hover=&#8221;|||&#8221;][et_pb_wc_images show_product_gallery=&#8221;off&#8221; sale_badge_color=&#8221;#700f53&#8243; _builder_version=&#8221;4.27.0&#8243; _module_preset=&#8221;default&#8221; sale_badge_font=&#8221;|||on|||||&#8221; sale_badge_text_color=&#8221;#ffffff&#8221; sale_badge_font_size=&#8221;16px&#8221; sticky_position=&#8221;top&#8221; sticky_offset_top=&#8221;33px&#8221; sticky_limit_top=&#8221;section&#8221; sticky_limit_bottom=&#8221;section&#8221; sticky_position_tablet=&#8221;none&#8221; sticky_position_phone=&#8221;none&#8221; sticky_position_last_edited=&#8221;on|desktop&#8221; border_radii=&#8221;on|10px|10px|10px|10px&#8221; global_colors_info=&#8221;{}&#8221;][\/et_pb_wc_images][\/et_pb_column][et_pb_column type=&#8221;1_2&#8243; specialty_columns=&#8221;2&#8243; _builder_version=&#8221;4.16&#8243; _module_preset=&#8221;default&#8221; custom_padding=&#8221;|||&#8221; global_colors_info=&#8221;{}&#8221; custom_padding__hover=&#8221;|||&#8221;][et_pb_row_inner column_structure=&#8221;1_2,1_2&#8243; _builder_version=&#8221;4.16&#8243; _module_preset=&#8221;default&#8221; custom_padding=&#8221;||0px||false|false&#8221; global_colors_info=&#8221;{}&#8221;][et_pb_column_inner type=&#8221;1_2&#8243; saved_specialty_column_type=&#8221;1_2&#8243; _builder_version=&#8221;4.16&#8243; _module_preset=&#8221;default&#8221; global_colors_info=&#8221;{}&#8221;][et_pb_text _builder_version=&#8221;4.27.0&#8243; _dynamic_attributes=&#8221;content&#8221; _module_preset=&#8221;_initial&#8221; text_font=&#8221;&#8211;et_global_heading_font||||||||&#8221; text_text_color=&#8221;#A82828&#8243; header_2_text_color=&#8221;#A82828&#8243; global_colors_info=&#8221;{%22gcid-primary-color%22:%91%22header_text_color%22,%22header_2_text_color%22,%22header_3_text_color%22,%22header_4_text_color%22,%22header_5_text_color%22,%22header_6_text_color%22%93,%22gcid-secondary-color%22:%91%22link_text_color%22%93,%22gcid-body-color%22:%91%22text_text_color%22%93}&#8221;]@ET-DC@eyJkeW5hbWljIjp0cnVlLCJjb250ZW50IjoicHJvZHVjdF9wcmljZSIsInNldHRpbmdzIjp7ImJlZm9yZSI6IjxoMj4iLCJhZnRlciI6IjxcL2gyPiJ9fQ==@[\/et_pb_text][\/et_pb_column_inner][et_pb_column_inner type=&#8221;1_2&#8243; saved_specialty_column_type=&#8221;1_2&#8243; _builder_version=&#8221;4.16&#8243; _module_preset=&#8221;default&#8221; global_colors_info=&#8221;{}&#8221;][et_pb_wc_rating _builder_version=&#8221;4.27.0&#8243; _module_preset=&#8221;_initial&#8221; body_text_color=&#8221;#000000&#8243; global_colors_info=&#8221;{}&#8221;][\/et_pb_wc_rating][\/et_pb_column_inner][\/et_pb_row_inner][et_pb_row_inner _builder_version=&#8221;4.27.0&#8243; _module_preset=&#8221;default&#8221; custom_padding=&#8221;0px||||false|false&#8221; global_colors_info=&#8221;{}&#8221;][et_pb_column_inner saved_specialty_column_type=&#8221;1_2&#8243; _builder_version=&#8221;4.16&#8243; _module_preset=&#8221;default&#8221; global_colors_info=&#8221;{}&#8221;][et_pb_wc_description _builder_version=&#8221;4.16&#8243; _module_preset=&#8221;default&#8221; body_font=&#8221;||||||||&#8221; custom_margin=&#8221;||47px|||&#8221; global_colors_info=&#8221;{}&#8221;][\/et_pb_wc_description][et_pb_wc_cart_notice _builder_version=&#8221;4.27.0&#8243; _module_preset=&#8221;_initial&#8221; title_text_color=&#8221;#000000&#8243; background_color=&#8221;#FFFFFF&#8221; background_enable_image=&#8221;off&#8221; button_text_color=&#8221;#700f53&#8243; custom_margin=&#8221;0em|0em|-1em|0em|false|false&#8221; custom_css_free_form=&#8221;button.button, body.et-db #page-container #et-boc .et-l .et_pb_section .et_pb_wc_cart_notice_0 .wc-backward, body.et-db #page-container #et-boc .et-l .et_pb_section .et_pb_wc_cart_notice_1 .wc-forward, button.button, body.et-db #page-container #et-boc .et-l .et_pb_section .et_pb_wc_cart_notice_1 .wc-backward {||    display: none;||}&#8221; body_text_color=&#8221;#ffffff&#8221; body_line_height=&#8221;2.4em&#8221; global_colors_info=&#8221;{}&#8221;][\/et_pb_wc_cart_notice][et_pb_wc_add_to_cart _builder_version=&#8221;4.27.0&#8243; _module_preset=&#8221;_initial&#8221; fields_focus_text_color=&#8221;#F7695C&#8221; dropdown_menus_focus_text_color=&#8221;#F7695C&#8221; dropdown_menus_custom_margin=&#8221;15px|70px|||false|false&#8221; dropdown_menus_font=&#8221;|600|||||||&#8221; custom_margin=&#8221;||||false|false&#8221; custom_padding=&#8221;||||false|false&#8221; border_radii_fields=&#8221;on||||&#8221; border_color_all_fields=&#8221;#d8d8d8&#8243; global_colors_info=&#8221;{}&#8221;][\/et_pb_wc_add_to_cart][et_pb_wc_meta meta_layout=&#8221;stacked&#8221; _builder_version=&#8221;4.27.0&#8243; _module_preset=&#8221;default&#8221; body_font_size=&#8221;0.9em&#8221; body_line_height=&#8221;1.3em&#8221; link_text_color=&#8221;#A82828&#8243; link_font_size=&#8221;0.9em&#8221; locked=&#8221;off&#8221; global_colors_info=&#8221;{}&#8221; link_text_color__hover_enabled=&#8221;on|desktop&#8221; link_text_color__hover=&#8221;#F7695C&#8221;][\/et_pb_wc_meta][\/et_pb_column_inner][\/et_pb_row_inner][et_pb_row_inner column_structure=&#8221;1_2,1_2&#8243; _builder_version=&#8221;4.16&#8243; _module_preset=&#8221;default&#8221; custom_padding=&#8221;||0px|||&#8221; global_colors_info=&#8221;{}&#8221;][et_pb_column_inner type=&#8221;1_2&#8243; saved_specialty_column_type=&#8221;1_2&#8243; _builder_version=&#8221;4.16&#8243; _module_preset=&#8221;default&#8221; custom_padding_tablet=&#8221;&#8221; custom_padding_phone=&#8221;||||false|false&#8221; custom_padding_last_edited=&#8221;on|phone&#8221; global_colors_info=&#8221;{}&#8221; custom_css_main_element_last_edited=&#8221;on|phone&#8221; custom_css_main_element_phone=&#8221;margin-bottom: 20px !important;&#8221;][et_pb_blurb title=&#8221;Fast shipping&#8221; use_icon=&#8221;on&#8221; font_icon=&#8221;&#x4e;||divi||400&#8243; icon_color=&#8221;#A82828&#8243; icon_placement=&#8221;left&#8221; image_icon_width=&#8221;26px&#8221; _builder_version=&#8221;4.27.0&#8243; _module_preset=&#8221;default&#8221; header_level=&#8221;h3&#8243; header_font=&#8221;|700|||||||&#8221; header_font_size=&#8221;1em&#8221; header_letter_spacing=&#8221;1px&#8221; header_line_height=&#8221;1.3em&#8221; custom_margin=&#8221;||18px||false|false&#8221; animation=&#8221;off&#8221; icon_font_size=&#8221;26px&#8221; global_colors_info=&#8221;{}&#8221;][\/et_pb_blurb][et_pb_blurb title=&#8221;Satisfaction Guarantee&#8221; use_icon=&#8221;on&#8221; font_icon=&#8221;&#x4e;||divi||400&#8243; icon_color=&#8221;#A82828&#8243; icon_placement=&#8221;left&#8221; image_icon_width=&#8221;26px&#8221; _builder_version=&#8221;4.27.0&#8243; _module_preset=&#8221;default&#8221; header_font=&#8221;|700|||||||&#8221; header_font_size=&#8221;1em&#8221; header_letter_spacing=&#8221;1px&#8221; header_line_height=&#8221;1.3em&#8221; custom_margin=&#8221;||18px||false|false&#8221; animation=&#8221;off&#8221; icon_font_size=&#8221;26px&#8221; global_colors_info=&#8221;{}&#8221;][\/et_pb_blurb][\/et_pb_column_inner][et_pb_column_inner type=&#8221;1_2&#8243; saved_specialty_column_type=&#8221;1_2&#8243; _builder_version=&#8221;4.16&#8243; _module_preset=&#8221;default&#8221; global_colors_info=&#8221;{}&#8221;][et_pb_blurb title=&#8221;Swiss Made&#8221; use_icon=&#8221;on&#8221; font_icon=&#8221;&#x4e;||divi||400&#8243; icon_color=&#8221;#A82828&#8243; icon_placement=&#8221;left&#8221; image_icon_width=&#8221;26px&#8221; _builder_version=&#8221;4.27.0&#8243; _module_preset=&#8221;default&#8221; header_font=&#8221;|700|||||||&#8221; header_font_size=&#8221;1em&#8221; header_letter_spacing=&#8221;1px&#8221; header_line_height=&#8221;1.3em&#8221; custom_margin=&#8221;||18px||false|false&#8221; animation=&#8221;off&#8221; icon_font_size=&#8221;26px&#8221; global_colors_info=&#8221;{}&#8221;][\/et_pb_blurb][et_pb_blurb title=&#8221;Already cut to size&#8221; use_icon=&#8221;on&#8221; font_icon=&#8221;&#x4e;||divi||400&#8243; icon_color=&#8221;#A82828&#8243; icon_placement=&#8221;left&#8221; image_icon_width=&#8221;26px&#8221; _builder_version=&#8221;4.27.0&#8243; _module_preset=&#8221;default&#8221; header_font=&#8221;|700|||||||&#8221; header_font_size=&#8221;1em&#8221; header_letter_spacing=&#8221;1px&#8221; header_line_height=&#8221;1.3em&#8221; custom_margin=&#8221;||18px||false|false&#8221; animation=&#8221;off&#8221; icon_font_size=&#8221;26px&#8221; global_colors_info=&#8221;{}&#8221;][\/et_pb_blurb][\/et_pb_column_inner][\/et_pb_row_inner][\/et_pb_column][\/et_pb_section][et_pb_section fb_built=&#8221;1&#8243; _builder_version=&#8221;4.27.0&#8243; _module_preset=&#8221;default&#8221; custom_padding=&#8221;12px|||||&#8221; global_colors_info=&#8221;{}&#8221;][et_pb_row column_structure=&#8221;3_5,2_5&#8243; _builder_version=&#8221;4.16&#8243; _module_preset=&#8221;default&#8221; background_size=&#8221;initial&#8221; background_position=&#8221;top_left&#8221; background_repeat=&#8221;repeat&#8221; width=&#8221;100%&#8221; custom_margin=&#8221;-14px|auto||auto||&#8221; locked=&#8221;off&#8221; global_colors_info=&#8221;{}&#8221;][et_pb_column type=&#8221;3_5&#8243; _builder_version=&#8221;4.16&#8243; _module_preset=&#8221;default&#8221; custom_padding=&#8221;|||&#8221; global_colors_info=&#8221;{}&#8221; custom_padding__hover=&#8221;|||&#8221;][et_pb_wc_tabs _builder_version=&#8221;4.27.0&#8243; _module_preset=&#8221;_initial&#8221; body_font=&#8221;&#8211;et_global_body_font||||||||&#8221; global_colors_info=&#8221;{}&#8221;]\t\t\t\t\t[\/et_pb_wc_tabs][\/et_pb_column][et_pb_column type=&#8221;2_5&#8243; _builder_version=&#8221;4.16&#8243; _module_preset=&#8221;default&#8221; custom_padding=&#8221;|||&#8221; global_colors_info=&#8221;{}&#8221; custom_padding__hover=&#8221;|||&#8221;][et_pb_accordion _builder_version=&#8221;4.27.0&#8243; _module_preset=&#8221;default&#8221; global_colors_info=&#8221;{}&#8221;][et_pb_accordion_item title=&#8221;Scope of delivery&#8221; open=&#8221;on&#8221; _builder_version=&#8221;4.27.0&#8243; _module_preset=&#8221;default&#8221; global_colors_info=&#8221;{}&#8221; toggle_level=&#8221;h4&#8243;]<\/p>\n<p>The skins are cut to fit our products perfectly and supplied with matching end hooks.<\/p>\n<p><strong>Note<\/strong>: Please also let us know which model the coat should be cut to, if this is not already clear from your overall order.<\/p>\n<p>[\/et_pb_accordion_item][\/et_pb_accordion][et_pb_wc_gallery admin_label=&#8221;Woo Produktgalerie&#8221; _builder_version=&#8221;4.27.0&#8243; _module_preset=&#8221;default&#8221; global_colors_info=&#8221;{}&#8221;][\/et_pb_wc_gallery][et_pb_video src=&#8221;https:\/\/youtu.be\/UqEZyK9OuWE&#8221; _builder_version=&#8221;4.27.3&#8243; _module_preset=&#8221;default&#8221; hover_enabled=&#8221;0&#8243; global_colors_info=&#8221;{}&#8221; sticky_enabled=&#8221;0&#8243;][\/et_pb_video][et_pb_video src=&#8221;https:\/\/www.youtube.com\/watch?v=XAGLY1MJItw&#8221; _builder_version=&#8221;4.27.0&#8243; _module_preset=&#8221;default&#8221; global_colors_info=&#8221;{}&#8221;][\/et_pb_video][\/et_pb_column][\/et_pb_row][et_pb_row _builder_version=&#8221;4.27.0&#8243; _module_preset=&#8221;default&#8221; global_colors_info=&#8221;{}&#8221;][et_pb_column type=&#8221;4_4&#8243; _builder_version=&#8221;4.27.0&#8243; _module_preset=&#8221;default&#8221; global_colors_info=&#8221;{}&#8221;][et_pb_wc_upsells _builder_version=&#8221;4.27.0&#8243; _module_preset=&#8221;_initial&#8221; rating_text_color=&#8221;#A82828&#8243; custom_margin=&#8221;|5px||5px|false|false&#8221; global_colors_info=&#8221;{}&#8221;][\/et_pb_wc_upsells][\/et_pb_column][\/et_pb_row][\/et_pb_section]<\/p>\n","protected":false},"excerpt":{"rendered":"<p><strong>Climbing skins made of 65% mohair and 35% nylon<\/strong> The robust all-rounder climbing skin for all types of snow.<\/p>\n","protected":false},"featured_media":239528,"comment_status":"open","ping_status":"closed","template":"","meta":{"_et_pb_use_builder":"on","_et_pb_old_content":"Das Montana Montamix kombiniert Mohair und synthetische Fasern f\u00fcr hohe Abriebfestigkeit und Langlebigkeit. Der Nylonanteil verbessert die Lebensdauer und sorgt f\u00fcr exzellente Steigeigenschaften bei jeder Temperatur. F\u00fcr Outdoor-Enthusiasten ist das Montamix die ideale Wahl.\r\n\r\n<strong>Radical Steigfell Service<\/strong>\r\nEinwandfrei haftende Steigfelle sind essenziell f\u00fcr unvergessliche Skitouren. Erneuere die Klebeschicht rechtzeitig, um die Haftkraft zu erhalten. Wir bieten eine professionelle Neubeschichtung f\u00fcr langlebige Steigfelle an.","_et_gb_content_width":"","_price":"255","_stock":"","_tribe_ticket_header":"","_tribe_default_ticket_provider":"","_tribe_ticket_capacity":"0","_ticket_start_date":"","_ticket_end_date":"","_tribe_ticket_show_description":"","_tribe_ticket_show_not_going":false,"_tribe_ticket_use_global_stock":"","_tribe_ticket_global_stock_level":"","_global_stock_mode":"","_global_stock_cap":"","_tribe_rsvp_for_event":"","_tribe_ticket_going_count":"","_tribe_ticket_not_going_count":"","_tribe_tickets_list":"[]","_tribe_ticket_has_attendee_info_fields":false,"_tec_slr_enabled":"","_tec_slr_layout":""},"product_brand":[],"product_cat":[2569],"product_tag":[1047,1046],"class_list":{"0":"post-242118","1":"product","2":"type-product","3":"status-publish","4":"has-post-thumbnail","6":"product_cat-splitboard-equipment","7":"product_tag-radical-en","8":"product_tag-zubehoer-en","10":"first","11":"instock","12":"taxable","13":"shipping-taxable","14":"purchasable","15":"product-type-simple"},"_links":{"self":[{"href":"https:\/\/radical.swiss\/en\/wp-json\/wp\/v2\/product\/242118","targetHints":{"allow":["GET"]}}],"collection":[{"href":"https:\/\/radical.swiss\/en\/wp-json\/wp\/v2\/product"}],"about":[{"href":"https:\/\/radical.swiss\/en\/wp-json\/wp\/v2\/types\/product"}],"replies":[{"embeddable":true,"href":"https:\/\/radical.swiss\/en\/wp-json\/wp\/v2\/comments?post=242118"}],"wp:featuredmedia":[{"embeddable":true,"href":"https:\/\/radical.swiss\/en\/wp-json\/wp\/v2\/media\/239528"}],"wp:attachment":[{"href":"https:\/\/radical.swiss\/en\/wp-json\/wp\/v2\/media?parent=242118"}],"wp:term":[{"taxonomy":"product_brand","embeddable":true,"href":"https:\/\/radical.swiss\/en\/wp-json\/wp\/v2\/product_brand?post=242118"},{"taxonomy":"product_cat","embeddable":true,"href":"https:\/\/radical.swiss\/en\/wp-json\/wp\/v2\/product_cat?post=242118"},{"taxonomy":"product_tag","embeddable":true,"href":"https:\/\/radical.swiss\/en\/wp-json\/wp\/v2\/product_tag?post=242118"}],"curies":[{"name":"wp","href":"https:\/\/api.w.org\/{rel}","templated":true}]}}