{"id":245920,"date":"2025-09-04T16:16:44","date_gmt":"2025-09-04T14:16:44","guid":{"rendered":"https:\/\/radical.swiss\/?post_type=product&#038;p=245920"},"modified":"2025-11-18T09:54:01","modified_gmt":"2025-11-18T08:54:01","slug":"one-of-ten-ski-3","status":"publish","type":"product","link":"https:\/\/radical.swiss\/en\/product\/one-of-ten-ski-3\/","title":{"rendered":"One of Ten | Ski"},"content":{"rendered":"<p>[et_pb_section fb_built=&#8221;1&#8243; _builder_version=&#8221;4.16&#8243; _module_preset=&#8221;default&#8221; custom_padding=&#8221;0px||0px||true|false&#8221; locked=&#8221;off&#8221; global_colors_info=&#8221;{}&#8221;][et_pb_row _builder_version=&#8221;4.16&#8243; _module_preset=&#8221;default&#8221; custom_padding=&#8221;||0px||false|false&#8221; global_colors_info=&#8221;{}&#8221;][et_pb_column type=&#8221;4_4&#8243; _builder_version=&#8221;4.16&#8243; _module_preset=&#8221;default&#8221; global_colors_info=&#8221;{}&#8221;][et_pb_wc_cart_notice _builder_version=&#8221;4.27.0&#8243; _module_preset=&#8221;_initial&#8221; body_text_color=&#8221;#ffffff&#8221; body_line_height=&#8221;2.4em&#8221; global_colors_info=&#8221;{}&#8221;][\/et_pb_wc_cart_notice][\/et_pb_column][\/et_pb_row][et_pb_row column_structure=&#8221;3_5,2_5&#8243; custom_padding_last_edited=&#8221;on|tablet&#8221; _builder_version=&#8221;4.16&#8243; _module_preset=&#8221;default&#8221; custom_padding=&#8221;0px||0px||true|false&#8221; custom_padding_tablet=&#8221;||20px||false|false&#8221; custom_padding_phone=&#8221;0px||20px||false|false&#8221; global_colors_info=&#8221;{}&#8221;][et_pb_column type=&#8221;3_5&#8243; _builder_version=&#8221;4.16&#8243; _module_preset=&#8221;default&#8221; global_colors_info=&#8221;{}&#8221;][et_pb_wc_title _builder_version=&#8221;4.27.0&#8243; _module_preset=&#8221;_initial&#8221; global_colors_info=&#8221;{}&#8221;][\/et_pb_wc_title][\/et_pb_column][et_pb_column type=&#8221;2_5&#8243; _builder_version=&#8221;4.16&#8243; _module_preset=&#8221;default&#8221; global_colors_info=&#8221;{}&#8221;][et_pb_wc_breadcrumb _builder_version=&#8221;4.27.0&#8243; _module_preset=&#8221;_initial&#8221; global_colors_info=&#8221;{}&#8221;][\/et_pb_wc_breadcrumb][\/et_pb_column][\/et_pb_row][\/et_pb_section][et_pb_section fb_built=&#8221;1&#8243; specialty=&#8221;on&#8221; next_background_color=&#8221;#ffffff&#8221; _builder_version=&#8221;4.27.0&#8243; _module_preset=&#8221;default&#8221; use_background_color_gradient=&#8221;on&#8221; background_color_gradient_direction=&#8221;90deg&#8221; background_color_gradient_stops=&#8221;#ffffff 0%|#f4f4f4 50%&#8221; custom_padding=&#8221;23px|||||&#8221; bottom_divider_style=&#8221;ramp2&#8243; bottom_divider_height=&#8221;90px&#8221; locked=&#8221;off&#8221; global_colors_info=&#8221;{}&#8221;][et_pb_column type=&#8221;1_2&#8243; _builder_version=&#8221;4.16&#8243; _module_preset=&#8221;default&#8221; custom_padding=&#8221;|||&#8221; global_colors_info=&#8221;{}&#8221; custom_padding__hover=&#8221;|||&#8221;][et_pb_wc_images show_product_gallery=&#8221;off&#8221; sale_badge_color=&#8221;#700f53&#8243; _builder_version=&#8221;4.27.0&#8243; _module_preset=&#8221;default&#8221; sale_badge_font=&#8221;|||on|||||&#8221; sale_badge_text_color=&#8221;#ffffff&#8221; sale_badge_font_size=&#8221;16px&#8221; sticky_position=&#8221;top&#8221; sticky_offset_top=&#8221;33px&#8221; sticky_limit_top=&#8221;section&#8221; sticky_limit_bottom=&#8221;section&#8221; sticky_position_tablet=&#8221;none&#8221; sticky_position_phone=&#8221;none&#8221; sticky_position_last_edited=&#8221;on|desktop&#8221; border_radii=&#8221;on|10px|10px|10px|10px&#8221; global_colors_info=&#8221;{}&#8221;][\/et_pb_wc_images][\/et_pb_column][et_pb_column type=&#8221;1_2&#8243; specialty_columns=&#8221;2&#8243; _builder_version=&#8221;4.16&#8243; _module_preset=&#8221;default&#8221; custom_padding=&#8221;|||&#8221; global_colors_info=&#8221;{}&#8221; custom_padding__hover=&#8221;|||&#8221;][et_pb_row_inner column_structure=&#8221;1_2,1_2&#8243; _builder_version=&#8221;4.16&#8243; _module_preset=&#8221;default&#8221; custom_padding=&#8221;||0px||false|false&#8221; global_colors_info=&#8221;{}&#8221;][et_pb_column_inner type=&#8221;1_2&#8243; saved_specialty_column_type=&#8221;1_2&#8243; _builder_version=&#8221;4.16&#8243; _module_preset=&#8221;default&#8221; global_colors_info=&#8221;{}&#8221;][et_pb_text _builder_version=&#8221;4.27.0&#8243; _dynamic_attributes=&#8221;content&#8221; _module_preset=&#8221;_initial&#8221; text_font=&#8221;&#8211;et_global_heading_font||||||||&#8221; text_text_color=&#8221;#A82828&#8243; header_2_text_color=&#8221;#A82828&#8243; global_colors_info=&#8221;{%22gcid-primary-color%22:%91%22header_text_color%22,%22header_2_text_color%22,%22header_3_text_color%22,%22header_4_text_color%22,%22header_5_text_color%22,%22header_6_text_color%22%93,%22gcid-secondary-color%22:%91%22link_text_color%22%93,%22gcid-body-color%22:%91%22text_text_color%22%93}&#8221;]@ET-DC@eyJkeW5hbWljIjp0cnVlLCJjb250ZW50IjoicHJvZHVjdF9wcmljZSIsInNldHRpbmdzIjp7ImJlZm9yZSI6IjxoMj4iLCJhZnRlciI6IjxcL2gyPiJ9fQ==@[\/et_pb_text][\/et_pb_column_inner][et_pb_column_inner type=&#8221;1_2&#8243; saved_specialty_column_type=&#8221;1_2&#8243; _builder_version=&#8221;4.16&#8243; _module_preset=&#8221;default&#8221; global_colors_info=&#8221;{}&#8221;][et_pb_wc_rating _builder_version=&#8221;4.27.0&#8243; _module_preset=&#8221;_initial&#8221; body_text_color=&#8221;#000000&#8243; global_colors_info=&#8221;{}&#8221;][\/et_pb_wc_rating][\/et_pb_column_inner][\/et_pb_row_inner][et_pb_row_inner _builder_version=&#8221;4.27.0&#8243; _module_preset=&#8221;default&#8221; custom_padding=&#8221;0px||||false|false&#8221; global_colors_info=&#8221;{}&#8221;][et_pb_column_inner saved_specialty_column_type=&#8221;1_2&#8243; _builder_version=&#8221;4.16&#8243; _module_preset=&#8221;default&#8221; global_colors_info=&#8221;{}&#8221;][et_pb_wc_description _builder_version=&#8221;4.27.4&#8243; _module_preset=&#8221;default&#8221; body_font=&#8221;||||||||&#8221; custom_margin=&#8221;||47px|||&#8221; global_colors_info=&#8221;{}&#8221;][\/et_pb_wc_description][et_pb_counters bar_bg_color=&#8221;#F7695C&#8221; _builder_version=&#8221;4.27.4&#8243; _module_preset=&#8221;default&#8221; percent_text_color=&#8221;#000000&#8243; min_height=&#8221;227px&#8221; border_radii=&#8221;on|4px|4px|4px|4px&#8221; global_colors_info=&#8221;{}&#8221;][et_pb_counter percent=&#8221;90&#8243; _builder_version=&#8221;4.27.4&#8243; _module_preset=&#8221;default&#8221; global_colors_info=&#8221;{}&#8221; bar_background_color_default=&#8221;#F7695C&#8221; use_percentages=&#8221;on&#8221;]Freeride[\/et_pb_counter][et_pb_counter percent=&#8221;100&#8243; _builder_version=&#8221;4.27.4&#8243; _module_preset=&#8221;default&#8221; global_colors_info=&#8221;{}&#8221; bar_background_color_default=&#8221;#F7695C&#8221; use_percentages=&#8221;on&#8221;]Slope\/Carving[\/et_pb_counter][et_pb_counter percent=&#8221;30&#8243; _builder_version=&#8221;4.27.4&#8243; _module_preset=&#8221;default&#8221; global_colors_info=&#8221;{}&#8221; bar_background_color_default=&#8221;#F7695C&#8221; use_percentages=&#8221;on&#8221;]Freestyle[\/et_pb_counter][et_pb_counter percent=&#8221;50&#8243; _builder_version=&#8221;4.27.4&#8243; _module_preset=&#8221;default&#8221; global_colors_info=&#8221;{}&#8221; bar_background_color_default=&#8221;#F7695C&#8221; use_percentages=&#8221;on&#8221;]Touring[\/et_pb_counter][\/et_pb_counters][et_pb_wc_cart_notice _builder_version=&#8221;4.27.4&#8243; _module_preset=&#8221;_initial&#8221; title_text_color=&#8221;#000000&#8243; background_color=&#8221;#FFFFFF&#8221; background_enable_image=&#8221;off&#8221; button_text_color=&#8221;#700f53&#8243; custom_margin=&#8221;0em|0em|-1em|0em|false|false&#8221; custom_css_free_form=&#8221;button.button, body.et-db #page-container #et-boc .et-l .et_pb_section .et_pb_wc_cart_notice_0 .wc-backward, body.et-db #page-container #et-boc .et-l .et_pb_section .et_pb_wc_cart_notice_1 .wc-forward, button.button, body.et-db #page-container #et-boc .et-l .et_pb_section .et_pb_wc_cart_notice_1 .wc-backward {||    display: none;||}&#8221; body_text_color=&#8221;#ffffff&#8221; body_line_height=&#8221;2.4em&#8221; global_colors_info=&#8221;{}&#8221;][\/et_pb_wc_cart_notice][et_pb_wc_add_to_cart _builder_version=&#8221;4.27.0&#8243; _module_preset=&#8221;_initial&#8221; fields_focus_text_color=&#8221;#F7695C&#8221; dropdown_menus_focus_text_color=&#8221;#F7695C&#8221; dropdown_menus_custom_margin=&#8221;15px|70px|||false|false&#8221; dropdown_menus_font=&#8221;|600|||||||&#8221; custom_margin=&#8221;||||false|false&#8221; custom_padding=&#8221;||||false|false&#8221; border_radii_fields=&#8221;on||||&#8221; border_color_all_fields=&#8221;#d8d8d8&#8243; global_colors_info=&#8221;{}&#8221;][\/et_pb_wc_add_to_cart][et_pb_wc_meta meta_layout=&#8221;stacked&#8221; _builder_version=&#8221;4.27.0&#8243; _module_preset=&#8221;default&#8221; body_font_size=&#8221;0.9em&#8221; body_line_height=&#8221;1.3em&#8221; link_text_color=&#8221;#A82828&#8243; link_font_size=&#8221;0.9em&#8221; locked=&#8221;off&#8221; global_colors_info=&#8221;{}&#8221; link_text_color__hover_enabled=&#8221;on|desktop&#8221; link_text_color__hover=&#8221;#F7695C&#8221;][\/et_pb_wc_meta][\/et_pb_column_inner][\/et_pb_row_inner][et_pb_row_inner column_structure=&#8221;1_2,1_2&#8243; _builder_version=&#8221;4.16&#8243; _module_preset=&#8221;default&#8221; custom_padding=&#8221;||0px|||&#8221; global_colors_info=&#8221;{}&#8221;][et_pb_column_inner type=&#8221;1_2&#8243; saved_specialty_column_type=&#8221;1_2&#8243; _builder_version=&#8221;4.16&#8243; _module_preset=&#8221;default&#8221; custom_padding_tablet=&#8221;&#8221; custom_padding_phone=&#8221;||||false|false&#8221; custom_padding_last_edited=&#8221;on|phone&#8221; global_colors_info=&#8221;{}&#8221; custom_css_main_element_last_edited=&#8221;on|phone&#8221; custom_css_main_element_phone=&#8221;margin-bottom: 20px !important;&#8221;][et_pb_blurb title=&#8221;Fast shipping&#8221; use_icon=&#8221;on&#8221; font_icon=&#8221;&#x4e;||divi||400&#8243; icon_color=&#8221;#A82828&#8243; icon_placement=&#8221;left&#8221; image_icon_width=&#8221;26px&#8221; _builder_version=&#8221;4.27.0&#8243; _module_preset=&#8221;default&#8221; header_level=&#8221;h3&#8243; header_font=&#8221;|700|||||||&#8221; header_font_size=&#8221;1em&#8221; header_letter_spacing=&#8221;1px&#8221; header_line_height=&#8221;1.3em&#8221; custom_margin=&#8221;||18px||false|false&#8221; animation=&#8221;off&#8221; icon_font_size=&#8221;26px&#8221; global_colors_info=&#8221;{}&#8221;][\/et_pb_blurb][et_pb_blurb title=&#8221;Satisfaction Guarantee&#8221; use_icon=&#8221;on&#8221; font_icon=&#8221;&#x4e;||divi||400&#8243; icon_color=&#8221;#A82828&#8243; icon_placement=&#8221;left&#8221; image_icon_width=&#8221;26px&#8221; _builder_version=&#8221;4.27.0&#8243; _module_preset=&#8221;default&#8221; header_font=&#8221;|700|||||||&#8221; header_font_size=&#8221;1em&#8221; header_letter_spacing=&#8221;1px&#8221; header_line_height=&#8221;1.3em&#8221; custom_margin=&#8221;||18px||false|false&#8221; animation=&#8221;off&#8221; icon_font_size=&#8221;26px&#8221; global_colors_info=&#8221;{}&#8221;][\/et_pb_blurb][\/et_pb_column_inner][et_pb_column_inner type=&#8221;1_2&#8243; saved_specialty_column_type=&#8221;1_2&#8243; _builder_version=&#8221;4.16&#8243; _module_preset=&#8221;default&#8221; global_colors_info=&#8221;{}&#8221;][et_pb_blurb title=&#8221;5-year warranty on flex and camber.&#8221; use_icon=&#8221;on&#8221; font_icon=&#8221;&#x4e;||divi||400&#8243; icon_color=&#8221;#A82828&#8243; icon_placement=&#8221;left&#8221; image_icon_width=&#8221;26px&#8221; _builder_version=&#8221;4.27.0&#8243; _module_preset=&#8221;default&#8221; header_font=&#8221;|700|||||||&#8221; header_font_size=&#8221;1em&#8221; header_letter_spacing=&#8221;1px&#8221; header_line_height=&#8221;1.3em&#8221; custom_margin=&#8221;||18px||false|false&#8221; animation=&#8221;off&#8221; icon_font_size=&#8221;26px&#8221; global_colors_info=&#8221;{}&#8221;][\/et_pb_blurb][et_pb_blurb title=&#8221;High-quality craftsmanship&#8221; use_icon=&#8221;on&#8221; font_icon=&#8221;&#x4e;||divi||400&#8243; icon_color=&#8221;#A82828&#8243; icon_placement=&#8221;left&#8221; image_icon_width=&#8221;26px&#8221; _builder_version=&#8221;4.27.0&#8243; _module_preset=&#8221;default&#8221; header_font=&#8221;|700|||||||&#8221; header_font_size=&#8221;1em&#8221; header_letter_spacing=&#8221;1px&#8221; header_line_height=&#8221;1.3em&#8221; custom_margin=&#8221;||18px||false|false&#8221; animation=&#8221;off&#8221; icon_font_size=&#8221;26px&#8221; global_colors_info=&#8221;{}&#8221;][\/et_pb_blurb][\/et_pb_column_inner][\/et_pb_row_inner][\/et_pb_column][\/et_pb_section][et_pb_section fb_built=&#8221;1&#8243; _builder_version=&#8221;4.27.0&#8243; _module_preset=&#8221;default&#8221; custom_padding=&#8221;12px|||||&#8221; global_colors_info=&#8221;{}&#8221;][et_pb_row column_structure=&#8221;3_5,2_5&#8243; _builder_version=&#8221;4.16&#8243; _module_preset=&#8221;default&#8221; background_size=&#8221;initial&#8221; background_position=&#8221;top_left&#8221; background_repeat=&#8221;repeat&#8221; width=&#8221;100%&#8221; custom_margin=&#8221;-14px|auto||auto||&#8221; locked=&#8221;off&#8221; global_colors_info=&#8221;{}&#8221;][et_pb_column type=&#8221;3_5&#8243; _builder_version=&#8221;4.16&#8243; _module_preset=&#8221;default&#8221; custom_padding=&#8221;|||&#8221; global_colors_info=&#8221;{}&#8221; custom_padding__hover=&#8221;|||&#8221;][et_pb_wc_tabs _builder_version=&#8221;4.27.0&#8243; _module_preset=&#8221;_initial&#8221; body_font=&#8221;&#8211;et_global_body_font||||||||&#8221; global_colors_info=&#8221;{}&#8221;]\t\t\t\t\t[\/et_pb_wc_tabs][\/et_pb_column][et_pb_column type=&#8221;2_5&#8243; _builder_version=&#8221;4.16&#8243; _module_preset=&#8221;default&#8221; custom_padding=&#8221;|||&#8221; global_colors_info=&#8221;{}&#8221; custom_padding__hover=&#8221;|||&#8221;][et_pb_accordion open_toggle_text_color=&#8221;#000000&#8243; icon_color=&#8221;#A82828&#8243; module_class=&#8221;pa-add-accordion-icon&#8221; _builder_version=&#8221;4.27.4&#8243; _module_preset=&#8221;default&#8221; toggle_text_color=&#8221;#A82828&#8243; toggle_font=&#8221;|600|||||||&#8221; toggle_font_size=&#8221;1.2em&#8221; custom_margin=&#8221;||||false|false&#8221; custom_padding=&#8221;||||false|false&#8221; custom_css_toggle=&#8221;margin-bottom: 0 !important;&#8221; custom_css_open_toggle=&#8221;margin-bottom: 0 !important;&#8221; global_colors_info=&#8221;{}&#8221; icon_color__hover_enabled=&#8221;on|hover&#8221; icon_color__hover=&#8221;#F7695C&#8221;][et_pb_accordion_item title=&#8221;Key features&#8221; open=&#8221;on&#8221; _builder_version=&#8221;4.27.4&#8243; _module_preset=&#8221;default&#8221; global_colors_info=&#8221;{}&#8221;]<\/p>\n<div class=\"et_pb_toggle_content clearfix\">\n<ul>\n<li>All-mountain skis<\/li>\n<li>Carving Freeride<\/li>\n<li>Strong sidecut and V-shape<\/li>\n<li>Ultralight<\/li>\n<li>Race base<\/li>\n<li>Limited edition<\/li>\n<\/ul>\n<\/div>\n<p>[\/et_pb_accordion_item][et_pb_accordion_item title=&#8221;Baseline&#8221; _builder_version=&#8221;4.27.4&#8243; _module_preset=&#8221;default&#8221; global_colors_info=&#8221;{}&#8221; open=&#8221;off&#8221;]<\/p>\n<p>Side view of the shape<br \/><img decoding=\"async\" src=\"https:\/\/radical.swiss\/wp-content\/uploads\/2024\/08\/Baseline-Surf.png\" alt=\"Baseline\" title=\"\"><\/p>\n<p><strong>Tail<\/strong>: The tail of the ski.<br \/><strong>Tip<\/strong>: The nose or front of the ski.<\/p>\n<p><strong>Camber<\/strong>: Known as positive camber, it describes the natural curve of a ski without any pressure applied. The camber is a crucial factor when choosing the right ski.<\/p>\n<p><strong>Rocker<\/strong>: Referred to as negative camber. We use tip and tail rocker, which shortens the effective edge length. This makes the product easier to turn and maneuver, which also makes it more forgiving. The rocker also improves float in soft snow, while the existing camber in the middle ensures good control.<\/p>\n<p>[\/et_pb_accordion_item][et_pb_accordion_item title=&#8221;Materials&#8221; _builder_version=&#8221;4.27.4&#8243; _module_preset=&#8221;default&#8221; global_colors_info=&#8221;{}&#8221; open=&#8221;off&#8221;]<\/p>\n<p>We place great importance on sustainability and ensure that every step\u2014from material selection to packaging\u2014respects both people and the environment. Our Radical models are handmade, with local wood cores and short transportation distances.<\/p>\n<p>Thanks to the carbon-Kevlar sandwich construction, our boards offer outstanding riding performance and durability, backed by a five-year warranty on flex and camber.<\/p>\n<p>The high-molecular graphite racing base ensures excellent glide and maneuverability. All models are handmade with great attention to detail. No effort is too great for us to produce the best skis<\/p>\n<p>[\/et_pb_accordion_item][\/et_pb_accordion][et_pb_wc_gallery _builder_version=&#8221;4.27.0&#8243; _module_preset=&#8221;default&#8221; global_colors_info=&#8221;{}&#8221;][\/et_pb_wc_gallery][\/et_pb_column][\/et_pb_row][et_pb_row _builder_version=&#8221;4.27.0&#8243; _module_preset=&#8221;default&#8221; global_colors_info=&#8221;{}&#8221;][et_pb_column type=&#8221;4_4&#8243; _builder_version=&#8221;4.27.0&#8243; _module_preset=&#8221;default&#8221; global_colors_info=&#8221;{}&#8221;][et_pb_wc_upsells _builder_version=&#8221;4.27.4&#8243; _module_preset=&#8221;_initial&#8221; rating_text_color=&#8221;#A82828&#8243; custom_margin=&#8221;|5px||5px|false|false&#8221; global_colors_info=&#8221;{}&#8221;][\/et_pb_wc_upsells][\/et_pb_column][\/et_pb_row][\/et_pb_section]<\/p>\n","protected":false},"excerpt":{"rendered":"<p>One of ten skis (built in 2025): Only five pairs worldwide. Handmade in Zurich from carbon, Kevlar and racing base. The distinctive V-shape gives you a carving feeling that you&#8217;ve never experienced before &#8211; that&#8217;s a promise!  <\/p>\n<p>You can find a history of all One of Ten skis <a href=\"https:\/\/radical.swiss\/en\/oneoftengallerie\/\">here.<\/a><\/p>\n","protected":false},"featured_media":246331,"comment_status":"open","ping_status":"closed","template":"","meta":{"_et_pb_use_builder":"on","_et_pb_old_content":"One of Ten Ski (Baujahr 2025):\r\n\r\n<strong>One of Ten Ski \u2013 Pink Devils<\/strong>\r\n\r\nKein Ski f\u00fcr Kompromisse \u2013 deine Linie, dein Style.\r\n\r\nIn einer Welt, in der uns t\u00e4glich graue Nachrichten umgeben, setzen diese Ski \u2013 wir nennen sie Pink Devils \u2013 ein Zeichen. Sie stehen f\u00fcr Freiheit, Lebensfreude und radikale Energie \u2013 Ski, die dich deine eigene Spur ziehen lassen, egal was um dich herum passiert.\r\n\r\nDie diesj\u00e4hrigen One of Ten Ski bringen mit ihrer markanten V-Form ein v\u00f6llig neues Fahrgef\u00fchl auf die Piste. Wir nennen es Fun-Carving: Durch die spezielle Form kippt der Ski fast von selbst in die Kurve und l\u00e4sst dich spielerisch enge, dynamische Turns ziehen. Jeder Schwung f\u00fchlt sich leicht, lebendig und voller Freude an \u2013 Carving pur. Ein Carving-Gef\u00fchl, das du so noch nie erlebt hast. Versprochen!\r\n\r\nDank der speziellen Konstruktion kannst du die Pink Devils zudem <strong>deutlich k\u00fcrzer fahren als deine \u00fcblichen Ski<\/strong>, ohne auf Stabilit\u00e4t zu verzichten \u2013 wendig, dynamisch und trotzdem souver\u00e4n bei jedem Tempo.\r\n\r\nUnd abseits der Piste? Hier zeigt sich ihre zweite St\u00e4rke: Das breite Tip sorgt f\u00fcr kr\u00e4ftigen Auftrieb im Powder und gibt dir Stabilit\u00e4t in tiefem Schnee. So gleitest du m\u00fchelos durch Freeride-H\u00e4nge und kombinierst Wendigkeit mit sicherem Fahrgef\u00fchl.\r\n\r\nEin Ski, der auff\u00e4llt \u2013 nicht nur beim Fahren. Schon auf dem Lift sind dir die Blicke sicher. Dieses Paar ist weit mehr als ein Sportger\u00e4t. Es ist ein Statement f\u00fcr alle, die Spass, Leichtigkeit und das Besondere suchen.\r\n\r\nFlexh\u00e4rte: 7 Torsionsh\u00e4rte: 9 (Skala 1\u201310)\r\n\r\nTechnische Daten\r\n<table class=\"table table-striped\" style=\"width: 100%\">\r\n<thead class=\"thead-dark\">\r\n<tr>\r\n<th style=\"text-align: left\">One of Ten | Ski<\/th>\r\n<th><\/th>\r\n<\/tr>\r\n<\/thead>\r\n<tbody>\r\n<tr>\r\n<td style=\"text-align: left\">L\u00e4nge (cm)<\/td>\r\n<td style=\"text-align: center\">166<\/td>\r\n<\/tr>\r\n<tr>\r\n<td style=\"text-align: left\">eff. Kantenl\u00e4nge (cm)<\/td>\r\n<td style=\"text-align: center\">137<\/td>\r\n<\/tr>\r\n<tr>\r\n<td style=\"text-align: left\">Breite Vorne (mm)<\/td>\r\n<td style=\"text-align: center\">147<\/td>\r\n<\/tr>\r\n<tr>\r\n<td style=\"text-align: left\">Breite Mitte (mm)<\/td>\r\n<td style=\"text-align: center\">84<\/td>\r\n<\/tr>\r\n<tr>\r\n<td style=\"text-align: left\">Breite Hinten (mm)<\/td>\r\n<td style=\"text-align: center\">115<\/td>\r\n<\/tr>\r\n<tr>\r\n<td style=\"text-align: left\">Taillierungsradius (m)<\/td>\r\n<td style=\"text-align: center\">11<\/td>\r\n<\/tr>\r\n<tr>\r\n<td style=\"text-align: left\">Setback (mm)<\/td>\r\n<td style=\"text-align: center\">55<\/td>\r\n<\/tr>\r\n<tr>\r\n<td style=\"text-align: left\">Fahrergewicht (kg)<\/td>\r\n<td style=\"text-align: center\">70-120<\/td>\r\n<\/tr>\r\n<tr>\r\n<td style=\"text-align: left\">Gewicht\/St\u00fcck (kg)<\/td>\r\n<td style=\"text-align: center\">1.5<\/td>\r\n<\/tr>\r\n<\/tbody>\r\n<\/table>","_et_gb_content_width":"","_price":"2298","_stock":"0","_tribe_ticket_header":"","_tribe_default_ticket_provider":"","_tribe_ticket_capacity":"5","_ticket_start_date":"","_ticket_end_date":"","_tribe_ticket_show_description":"","_tribe_ticket_show_not_going":false,"_tribe_ticket_use_global_stock":"","_tribe_ticket_global_stock_level":"","_global_stock_mode":"","_global_stock_cap":"","_tribe_rsvp_for_event":"","_tribe_ticket_going_count":"","_tribe_ticket_not_going_count":"","_tribe_tickets_list":"[]","_tribe_ticket_has_attendee_info_fields":false,"_tec_slr_enabled":"","_tec_slr_layout":""},"product_brand":[],"product_cat":[244],"product_tag":[249,1039,2691,234,1040],"class_list":{"0":"post-245920","1":"product","2":"type-product","3":"status-publish","4":"has-post-thumbnail","6":"product_cat-ski-en","7":"product_tag-carbon-en","8":"product_tag-handmade-en","9":"product_tag-made-in-zurich","10":"product_tag-ski-en","11":"product_tag-swissmade-en","13":"first","14":"outofstock","15":"featured","16":"taxable","17":"shipping-taxable","18":"purchasable","19":"product-type-simple"},"_links":{"self":[{"href":"https:\/\/radical.swiss\/en\/wp-json\/wp\/v2\/product\/245920","targetHints":{"allow":["GET"]}}],"collection":[{"href":"https:\/\/radical.swiss\/en\/wp-json\/wp\/v2\/product"}],"about":[{"href":"https:\/\/radical.swiss\/en\/wp-json\/wp\/v2\/types\/product"}],"replies":[{"embeddable":true,"href":"https:\/\/radical.swiss\/en\/wp-json\/wp\/v2\/comments?post=245920"}],"wp:featuredmedia":[{"embeddable":true,"href":"https:\/\/radical.swiss\/en\/wp-json\/wp\/v2\/media\/246331"}],"wp:attachment":[{"href":"https:\/\/radical.swiss\/en\/wp-json\/wp\/v2\/media?parent=245920"}],"wp:term":[{"taxonomy":"product_brand","embeddable":true,"href":"https:\/\/radical.swiss\/en\/wp-json\/wp\/v2\/product_brand?post=245920"},{"taxonomy":"product_cat","embeddable":true,"href":"https:\/\/radical.swiss\/en\/wp-json\/wp\/v2\/product_cat?post=245920"},{"taxonomy":"product_tag","embeddable":true,"href":"https:\/\/radical.swiss\/en\/wp-json\/wp\/v2\/product_tag?post=245920"}],"curies":[{"name":"wp","href":"https:\/\/api.w.org\/{rel}","templated":true}]}}